{"id":4223,"date":"2023-10-30T09:28:35","date_gmt":"2023-10-30T09:28:35","guid":{"rendered":"https:\/\/monriad.net\/cancellation-policy\/"},"modified":"2026-01-06T16:04:34","modified_gmt":"2026-01-06T16:04:34","slug":"politique-dannulation","status":"publish","type":"page","link":"https:\/\/monriad.net\/fr\/politique-dannulation\/","title":{"rendered":"Politique D&rsquo;annulation"},"content":{"rendered":"\n<h1 class=\"wp-block-heading\">Politique D&rsquo;annulation<\/h1>\n\n\n\n<p>Flexible \u2013 21 jours<\/p>\n\n\n\n<p>Le client pourra annuler gratuitement sa r\u00e9servation jusqu&rsquo;\u00e0 21 jours avant l&rsquo;arriv\u00e9e. Le client devra<br>verser le montant total de la r\u00e9servation s&rsquo;il annule dans les 21 jours pr\u00e9c\u00e9dant l&rsquo;arriv\u00e9e. Si le client<br>ne se pr\u00e9sente pas, il devra payer le montant total de la r\u00e9servation.<\/p>\n\n\n\n<p><br>Le client devra payer \u00e0 l&rsquo;avance le montant total de la r\u00e9servation dans les 21 jours pr\u00e9c\u00e9dant<br>l&rsquo;arriv\u00e9e.<br>Non remboursable.<\/p>\n\n\n\n<p><br>Le client devra verser le montant total de la r\u00e9servation s&rsquo;il annule \u00e0 tout moment.<\/p>\n\n\n\n<p><br>Le client devra payer \u00e0 l&rsquo;avance le montant total de la r\u00e9servation \u00e0 tout moment.<\/p>\n\n\n\n<p><\/p>\n\n\n\n<p><\/p>\n","protected":false},"excerpt":{"rendered":"<p>Politique D&rsquo;annulation Flexible \u2013 21 jours Le client pourra annuler gratuitement sa r\u00e9servation jusqu&rsquo;\u00e0 21 jours avant l&rsquo;arriv\u00e9e. Le client&#8230;<\/p>\n","protected":false},"author":1,"featured_media":0,"parent":0,"menu_order":7,"comment_status":"closed","ping_status":"closed","template":"","meta":{"_acf_changed":false,"footnotes":""},"class_list":["post-4223","page","type-page","status-publish","hentry"],"acf":[],"yoast_head":"<!-- This site is optimized with the Yoast SEO plugin v27.2 - https:\/\/yoast.com\/product\/yoast-seo-wordpress\/ -->\n<title>Politique D&#039;annulation - MonRiad<\/title>\n<meta name=\"description\" content=\"Consultez la politique d&#039;annulation de MonRiad pour conna\u00eetre les diff\u00e9rentes options qui s&#039;offrent \u00e0 vous.\" \/>\n<meta name=\"robots\" content=\"index, follow, max-snippet:-1, max-image-preview:large, max-video-preview:-1\" \/>\n<link rel=\"canonical\" href=\"https:\/\/monriad.net\/fr\/politique-dannulation\/\" \/>\n<meta property=\"og:locale\" content=\"fr_FR\" \/>\n<meta property=\"og:type\" content=\"article\" \/>\n<meta property=\"og:title\" content=\"Politique D&#039;annulation - MonRiad\" \/>\n<meta property=\"og:description\" content=\"Consultez la politique d&#039;annulation de MonRiad pour conna\u00eetre les diff\u00e9rentes options qui s&#039;offrent \u00e0 vous.\" \/>\n<meta property=\"og:url\" content=\"https:\/\/monriad.net\/fr\/politique-dannulation\/\" \/>\n<meta property=\"og:site_name\" content=\"MonRiad\" \/>\n<meta property=\"article:modified_time\" content=\"2026-01-06T16:04:34+00:00\" \/>\n<meta property=\"og:image\" content=\"https:\/\/monriad.net\/wp-content\/uploads\/2023\/10\/image0-5-1.jpeg\" \/>\n\t<meta property=\"og:image:width\" content=\"2200\" \/>\n\t<meta property=\"og:image:height\" content=\"1650\" \/>\n\t<meta property=\"og:image:type\" content=\"image\/jpeg\" \/>\n<meta name=\"twitter:card\" content=\"summary_large_image\" \/>\n<meta name=\"twitter:label1\" content=\"Dur\u00e9e de lecture estim\u00e9e\" \/>\n\t<meta name=\"twitter:data1\" content=\"1 minute\" \/>\n<script type=\"application\/ld+json\" class=\"yoast-schema-graph\">{\"@context\":\"https:\/\/schema.org\",\"@graph\":[{\"@type\":\"WebPage\",\"@id\":\"https:\/\/monriad.net\/fr\/politique-dannulation\/\",\"url\":\"https:\/\/monriad.net\/fr\/politique-dannulation\/\",\"name\":\"Politique D'annulation - MonRiad\",\"isPartOf\":{\"@id\":\"https:\/\/monriad.net\/#website\"},\"datePublished\":\"2023-10-30T09:28:35+00:00\",\"dateModified\":\"2026-01-06T16:04:34+00:00\",\"description\":\"Consultez la politique d'annulation de MonRiad pour conna\u00eetre les diff\u00e9rentes options qui s'offrent \u00e0 vous.\",\"breadcrumb\":{\"@id\":\"https:\/\/monriad.net\/fr\/politique-dannulation\/#breadcrumb\"},\"inLanguage\":\"fr-FR\",\"potentialAction\":[{\"@type\":\"ReadAction\",\"target\":[\"https:\/\/monriad.net\/fr\/politique-dannulation\/\"]}]},{\"@type\":\"BreadcrumbList\",\"@id\":\"https:\/\/monriad.net\/fr\/politique-dannulation\/#breadcrumb\",\"itemListElement\":[{\"@type\":\"ListItem\",\"position\":1,\"name\":\"Home\",\"item\":\"https:\/\/monriad.net\/fr\/\"},{\"@type\":\"ListItem\",\"position\":2,\"name\":\"Politique D&#8217;annulation\"}]},{\"@type\":\"WebSite\",\"@id\":\"https:\/\/monriad.net\/#website\",\"url\":\"https:\/\/monriad.net\/\",\"name\":\"MonRiad\",\"description\":\"MonRiad\",\"potentialAction\":[{\"@type\":\"SearchAction\",\"target\":{\"@type\":\"EntryPoint\",\"urlTemplate\":\"https:\/\/monriad.net\/?s={search_term_string}\"},\"query-input\":{\"@type\":\"PropertyValueSpecification\",\"valueRequired\":true,\"valueName\":\"search_term_string\"}}],\"inLanguage\":\"fr-FR\"}]}<\/script>\n<!-- \/ Yoast SEO plugin. -->","yoast_head_json":{"title":"Politique D'annulation - MonRiad","description":"Consultez la politique d'annulation de MonRiad pour conna\u00eetre les diff\u00e9rentes options qui s'offrent \u00e0 vous.","robots":{"index":"index","follow":"follow","max-snippet":"max-snippet:-1","max-image-preview":"max-image-preview:large","max-video-preview":"max-video-preview:-1"},"canonical":"https:\/\/monriad.net\/fr\/politique-dannulation\/","og_locale":"fr_FR","og_type":"article","og_title":"Politique D'annulation - MonRiad","og_description":"Consultez la politique d'annulation de MonRiad pour conna\u00eetre les diff\u00e9rentes options qui s'offrent \u00e0 vous.","og_url":"https:\/\/monriad.net\/fr\/politique-dannulation\/","og_site_name":"MonRiad","article_modified_time":"2026-01-06T16:04:34+00:00","og_image":[{"width":2200,"height":1650,"url":"https:\/\/monriad.net\/wp-content\/uploads\/2023\/10\/image0-5-1.jpeg","type":"image\/jpeg"}],"twitter_card":"summary_large_image","twitter_misc":{"Dur\u00e9e de lecture estim\u00e9e":"1 minute"},"schema":{"@context":"https:\/\/schema.org","@graph":[{"@type":"WebPage","@id":"https:\/\/monriad.net\/fr\/politique-dannulation\/","url":"https:\/\/monriad.net\/fr\/politique-dannulation\/","name":"Politique D'annulation - MonRiad","isPartOf":{"@id":"https:\/\/monriad.net\/#website"},"datePublished":"2023-10-30T09:28:35+00:00","dateModified":"2026-01-06T16:04:34+00:00","description":"Consultez la politique d'annulation de MonRiad pour conna\u00eetre les diff\u00e9rentes options qui s'offrent \u00e0 vous.","breadcrumb":{"@id":"https:\/\/monriad.net\/fr\/politique-dannulation\/#breadcrumb"},"inLanguage":"fr-FR","potentialAction":[{"@type":"ReadAction","target":["https:\/\/monriad.net\/fr\/politique-dannulation\/"]}]},{"@type":"BreadcrumbList","@id":"https:\/\/monriad.net\/fr\/politique-dannulation\/#breadcrumb","itemListElement":[{"@type":"ListItem","position":1,"name":"Home","item":"https:\/\/monriad.net\/fr\/"},{"@type":"ListItem","position":2,"name":"Politique D&#8217;annulation"}]},{"@type":"WebSite","@id":"https:\/\/monriad.net\/#website","url":"https:\/\/monriad.net\/","name":"MonRiad","description":"MonRiad","potentialAction":[{"@type":"SearchAction","target":{"@type":"EntryPoint","urlTemplate":"https:\/\/monriad.net\/?s={search_term_string}"},"query-input":{"@type":"PropertyValueSpecification","valueRequired":true,"valueName":"search_term_string"}}],"inLanguage":"fr-FR"}]}},"_links":{"self":[{"href":"https:\/\/monriad.net\/fr\/wp-json\/wp\/v2\/pages\/4223","targetHints":{"allow":["GET"]}}],"collection":[{"href":"https:\/\/monriad.net\/fr\/wp-json\/wp\/v2\/pages"}],"about":[{"href":"https:\/\/monriad.net\/fr\/wp-json\/wp\/v2\/types\/page"}],"author":[{"embeddable":true,"href":"https:\/\/monriad.net\/fr\/wp-json\/wp\/v2\/users\/1"}],"replies":[{"embeddable":true,"href":"https:\/\/monriad.net\/fr\/wp-json\/wp\/v2\/comments?post=4223"}],"version-history":[{"count":1,"href":"https:\/\/monriad.net\/fr\/wp-json\/wp\/v2\/pages\/4223\/revisions"}],"predecessor-version":[{"id":6991,"href":"https:\/\/monriad.net\/fr\/wp-json\/wp\/v2\/pages\/4223\/revisions\/6991"}],"wp:attachment":[{"href":"https:\/\/monriad.net\/fr\/wp-json\/wp\/v2\/media?parent=4223"}],"curies":[{"name":"wp","href":"https:\/\/api.w.org\/{rel}","templated":true}]}}