{"id":3618,"date":"2020-10-06T16:26:35","date_gmt":"2020-10-06T15:26:35","guid":{"rendered":"https:\/\/monriad.net\/?page_id=3618"},"modified":"2026-01-06T16:06:45","modified_gmt":"2026-01-06T16:06:45","slug":"terms-and-privacy-policy","status":"publish","type":"page","link":"https:\/\/monriad.net\/fr\/terms-and-privacy-policy\/","title":{"rendered":"Conditions D&rsquo;utilisation Et Politique De Confidentialit\u00e9"},"content":{"rendered":"\n<h1 class=\"wp-block-heading\">Conditions D&rsquo;utilisation Et Politique De Confidentialit\u00e9<\/h1>\n\n\n\n<p>MonRiad s&rsquo;engage \u00e0 prot\u00e9ger et \u00e0 respecter votre vie priv\u00e9e. La pr\u00e9sente politique (ainsi que nos conditions<br>d&rsquo;utilisation) d\u00e9finit la base sur laquelle les donn\u00e9es personnelles que nous recueillons aupr\u00e8s de vous, ou<br>que vous nous fournissez, sont trait\u00e9es. Veuillez lire attentivement ce qui suit pour comprendre notre point<br>de vue et nos proc\u00e9dures.<\/p>\n\n\n\n<p><br>Nous recueillons des informations personnelles aupr\u00e8s des visiteurs de ce site web en utilisant les<br>formulaires de demande et de r\u00e9servation et chaque fois que vous nous envoyez vos coordonn\u00e9es par<br>courrier \u00e9lectronique. Nous recueillons aussi automatiquement des informations sur votre visite de notre<br>site web, qui peuvent inclure votre adresse IP. Vous pouvez \u00e9galement nous communiquer des<br>informations personnelles par l&rsquo;interm\u00e9diaire d&rsquo;Internet.<\/p>\n\n\n\n<p><br>Nous pouvons utiliser ces informations pour vous contacter par courrier \u00e9lectronique ou par d&rsquo;autres<br>moyens. Ces informations peuvent \u00eatre utilis\u00e9es, par exemple, pour vous informer de promotions sp\u00e9ciales,<br>d&rsquo;offres de prix, etc. Nous utilisons les services de fournisseurs de marketing tiers pour la distribution de<br>communications marketing par courrier \u00e9lectronique. Les donn\u00e9es leur sont fournies sous licence \u00e0 des fins<br>de traitement uniquement et ne sont pas utilis\u00e9es, v\u00e9rifi\u00e9es ou contr\u00f4l\u00e9es par eux. Ces fournisseurs<br>respectent tous leurs obligations en mati\u00e8re de protection de vos donn\u00e9es, conform\u00e9ment aux normes<br>marocaines de protection des donn\u00e9es.<\/p>\n\n\n\n<p><br>Nous respectons votre droit \u00e0 la vie priv\u00e9e. Vous avez le droit de nous demander de ne pas traiter vos<br>informations personnelles \u00e0 des fins de marketing. Si vous nous dites que vous ne souhaitez pas que ces<br>informations soient utilis\u00e9es, nous respecterons vos souhaits. Pour toute demande concernant vos<br>informations personnelles ou toute question relative \u00e0 la saisie, au stockage et \u00e0 l&rsquo;utilisation des<br>informations personnelles, veuillez contacter MonRiad, Marrakech, Maroc.<\/p>\n\n\n\n<p><br>Le contenu de ce site web est prot\u00e9g\u00e9 par le droit d&rsquo;auteur, qui est la propri\u00e9t\u00e9 de MonRiad. Les utilisateurs<br>peuvent visualiser, imprimer et t\u00e9l\u00e9charger le contenu pour un usage personnel uniquement et le contenu<br>ne doit pas \u00eatre utilis\u00e9 \u00e0 des fins commerciales sans l&rsquo;autorisation de MonRiad.<br>Toute modification apport\u00e9e \u00e0 l&rsquo;avenir \u00e0 notre politique de confidentialit\u00e9 sera publi\u00e9e sur cette page et, le<br>cas \u00e9ch\u00e9ant, vous sera notifi\u00e9e par courrier \u00e9lectronique.<\/p>\n\n\n\n<p><br>En naviguant sur ce site web et en communiquant avec nous par voie \u00e9lectronique, vous reconnaissez et<br>acceptez que nous traitions vos donn\u00e9es personnelles de cette mani\u00e8re.<\/p>\n\n\n\n<p><\/p>\n\n\n\n<p><\/p>\n","protected":false},"excerpt":{"rendered":"<p>Conditions D&rsquo;utilisation Et Politique De Confidentialit\u00e9 MonRiad s&rsquo;engage \u00e0 prot\u00e9ger et \u00e0 respecter votre vie priv\u00e9e. La pr\u00e9sente politique (ainsi&#8230;<\/p>\n","protected":false},"author":1,"featured_media":0,"parent":0,"menu_order":7,"comment_status":"closed","ping_status":"closed","template":"","meta":{"_acf_changed":false,"footnotes":""},"class_list":["post-3618","page","type-page","status-publish","hentry"],"acf":[],"yoast_head":"<!-- This site is optimized with the Yoast SEO plugin v27.2 - https:\/\/yoast.com\/product\/yoast-seo-wordpress\/ -->\n<title>Conditions D&#039;utilisation Et Politique De Confidentialit\u00e9 - MonRiad<\/title>\n<meta name=\"description\" content=\"MonRiad s&#039;engage \u00e0 prot\u00e9ger et \u00e0 respecter votre vie priv\u00e9e. Consultez nos conditions d&#039;utilisation et notre politique de confidentialit\u00e9 ici.\" \/>\n<meta name=\"robots\" content=\"index, follow, max-snippet:-1, max-image-preview:large, max-video-preview:-1\" \/>\n<link rel=\"canonical\" href=\"https:\/\/monriad.net\/fr\/terms-and-privacy-policy\/\" \/>\n<meta property=\"og:locale\" content=\"fr_FR\" \/>\n<meta property=\"og:type\" content=\"article\" \/>\n<meta property=\"og:title\" content=\"Conditions D&#039;utilisation Et Politique De Confidentialit\u00e9 - MonRiad\" \/>\n<meta property=\"og:description\" content=\"MonRiad s&#039;engage \u00e0 prot\u00e9ger et \u00e0 respecter votre vie priv\u00e9e. Consultez nos conditions d&#039;utilisation et notre politique de confidentialit\u00e9 ici.\" \/>\n<meta property=\"og:url\" content=\"https:\/\/monriad.net\/fr\/terms-and-privacy-policy\/\" \/>\n<meta property=\"og:site_name\" content=\"MonRiad\" \/>\n<meta property=\"article:modified_time\" content=\"2026-01-06T16:06:45+00:00\" \/>\n<meta property=\"og:image\" content=\"https:\/\/monriad.net\/wp-content\/uploads\/2023\/10\/image0-5-1.jpeg\" \/>\n\t<meta property=\"og:image:width\" content=\"2200\" \/>\n\t<meta property=\"og:image:height\" content=\"1650\" \/>\n\t<meta property=\"og:image:type\" content=\"image\/jpeg\" \/>\n<meta name=\"twitter:card\" content=\"summary_large_image\" \/>\n<meta name=\"twitter:label1\" content=\"Dur\u00e9e de lecture estim\u00e9e\" \/>\n\t<meta name=\"twitter:data1\" content=\"2 minutes\" \/>\n<script type=\"application\/ld+json\" class=\"yoast-schema-graph\">{\"@context\":\"https:\/\/schema.org\",\"@graph\":[{\"@type\":\"WebPage\",\"@id\":\"https:\/\/monriad.net\/fr\/terms-and-privacy-policy\/\",\"url\":\"https:\/\/monriad.net\/fr\/terms-and-privacy-policy\/\",\"name\":\"Conditions D'utilisation Et Politique De Confidentialit\u00e9 - MonRiad\",\"isPartOf\":{\"@id\":\"https:\/\/monriad.net\/#website\"},\"datePublished\":\"2020-10-06T15:26:35+00:00\",\"dateModified\":\"2026-01-06T16:06:45+00:00\",\"description\":\"MonRiad s'engage \u00e0 prot\u00e9ger et \u00e0 respecter votre vie priv\u00e9e. Consultez nos conditions d'utilisation et notre politique de confidentialit\u00e9 ici.\",\"breadcrumb\":{\"@id\":\"https:\/\/monriad.net\/fr\/terms-and-privacy-policy\/#breadcrumb\"},\"inLanguage\":\"fr-FR\",\"potentialAction\":[{\"@type\":\"ReadAction\",\"target\":[\"https:\/\/monriad.net\/fr\/terms-and-privacy-policy\/\"]}]},{\"@type\":\"BreadcrumbList\",\"@id\":\"https:\/\/monriad.net\/fr\/terms-and-privacy-policy\/#breadcrumb\",\"itemListElement\":[{\"@type\":\"ListItem\",\"position\":1,\"name\":\"Home\",\"item\":\"https:\/\/monriad.net\/fr\/\"},{\"@type\":\"ListItem\",\"position\":2,\"name\":\"Conditions D&#8217;utilisation Et Politique De Confidentialit\u00e9\"}]},{\"@type\":\"WebSite\",\"@id\":\"https:\/\/monriad.net\/#website\",\"url\":\"https:\/\/monriad.net\/\",\"name\":\"MonRiad\",\"description\":\"MonRiad\",\"potentialAction\":[{\"@type\":\"SearchAction\",\"target\":{\"@type\":\"EntryPoint\",\"urlTemplate\":\"https:\/\/monriad.net\/?s={search_term_string}\"},\"query-input\":{\"@type\":\"PropertyValueSpecification\",\"valueRequired\":true,\"valueName\":\"search_term_string\"}}],\"inLanguage\":\"fr-FR\"}]}<\/script>\n<!-- \/ Yoast SEO plugin. -->","yoast_head_json":{"title":"Conditions D'utilisation Et Politique De Confidentialit\u00e9 - MonRiad","description":"MonRiad s'engage \u00e0 prot\u00e9ger et \u00e0 respecter votre vie priv\u00e9e. Consultez nos conditions d'utilisation et notre politique de confidentialit\u00e9 ici.","robots":{"index":"index","follow":"follow","max-snippet":"max-snippet:-1","max-image-preview":"max-image-preview:large","max-video-preview":"max-video-preview:-1"},"canonical":"https:\/\/monriad.net\/fr\/terms-and-privacy-policy\/","og_locale":"fr_FR","og_type":"article","og_title":"Conditions D'utilisation Et Politique De Confidentialit\u00e9 - MonRiad","og_description":"MonRiad s'engage \u00e0 prot\u00e9ger et \u00e0 respecter votre vie priv\u00e9e. Consultez nos conditions d'utilisation et notre politique de confidentialit\u00e9 ici.","og_url":"https:\/\/monriad.net\/fr\/terms-and-privacy-policy\/","og_site_name":"MonRiad","article_modified_time":"2026-01-06T16:06:45+00:00","og_image":[{"width":2200,"height":1650,"url":"https:\/\/monriad.net\/wp-content\/uploads\/2023\/10\/image0-5-1.jpeg","type":"image\/jpeg"}],"twitter_card":"summary_large_image","twitter_misc":{"Dur\u00e9e de lecture estim\u00e9e":"2 minutes"},"schema":{"@context":"https:\/\/schema.org","@graph":[{"@type":"WebPage","@id":"https:\/\/monriad.net\/fr\/terms-and-privacy-policy\/","url":"https:\/\/monriad.net\/fr\/terms-and-privacy-policy\/","name":"Conditions D'utilisation Et Politique De Confidentialit\u00e9 - MonRiad","isPartOf":{"@id":"https:\/\/monriad.net\/#website"},"datePublished":"2020-10-06T15:26:35+00:00","dateModified":"2026-01-06T16:06:45+00:00","description":"MonRiad s'engage \u00e0 prot\u00e9ger et \u00e0 respecter votre vie priv\u00e9e. Consultez nos conditions d'utilisation et notre politique de confidentialit\u00e9 ici.","breadcrumb":{"@id":"https:\/\/monriad.net\/fr\/terms-and-privacy-policy\/#breadcrumb"},"inLanguage":"fr-FR","potentialAction":[{"@type":"ReadAction","target":["https:\/\/monriad.net\/fr\/terms-and-privacy-policy\/"]}]},{"@type":"BreadcrumbList","@id":"https:\/\/monriad.net\/fr\/terms-and-privacy-policy\/#breadcrumb","itemListElement":[{"@type":"ListItem","position":1,"name":"Home","item":"https:\/\/monriad.net\/fr\/"},{"@type":"ListItem","position":2,"name":"Conditions D&#8217;utilisation Et Politique De Confidentialit\u00e9"}]},{"@type":"WebSite","@id":"https:\/\/monriad.net\/#website","url":"https:\/\/monriad.net\/","name":"MonRiad","description":"MonRiad","potentialAction":[{"@type":"SearchAction","target":{"@type":"EntryPoint","urlTemplate":"https:\/\/monriad.net\/?s={search_term_string}"},"query-input":{"@type":"PropertyValueSpecification","valueRequired":true,"valueName":"search_term_string"}}],"inLanguage":"fr-FR"}]}},"_links":{"self":[{"href":"https:\/\/monriad.net\/fr\/wp-json\/wp\/v2\/pages\/3618","targetHints":{"allow":["GET"]}}],"collection":[{"href":"https:\/\/monriad.net\/fr\/wp-json\/wp\/v2\/pages"}],"about":[{"href":"https:\/\/monriad.net\/fr\/wp-json\/wp\/v2\/types\/page"}],"author":[{"embeddable":true,"href":"https:\/\/monriad.net\/fr\/wp-json\/wp\/v2\/users\/1"}],"replies":[{"embeddable":true,"href":"https:\/\/monriad.net\/fr\/wp-json\/wp\/v2\/comments?post=3618"}],"version-history":[{"count":1,"href":"https:\/\/monriad.net\/fr\/wp-json\/wp\/v2\/pages\/3618\/revisions"}],"predecessor-version":[{"id":6992,"href":"https:\/\/monriad.net\/fr\/wp-json\/wp\/v2\/pages\/3618\/revisions\/6992"}],"wp:attachment":[{"href":"https:\/\/monriad.net\/fr\/wp-json\/wp\/v2\/media?parent=3618"}],"curies":[{"name":"wp","href":"https:\/\/api.w.org\/{rel}","templated":true}]}}