{"id":3566,"date":"2023-06-26T15:59:44","date_gmt":"2023-06-26T14:59:44","guid":{"rendered":"https:\/\/monriad.net\/restaurant\/"},"modified":"2026-01-06T16:05:21","modified_gmt":"2026-01-06T16:05:21","slug":"restaurant","status":"publish","type":"page","link":"https:\/\/monriad.net\/fr\/restaurant\/","title":{"rendered":"Restaurant"},"content":{"rendered":"    <section\n    class=\"row container    banner-block flex justify-center items-center flex-col theme--image\"\n    id=\"block_54ab85cd78ddb12db62dedb94ab92cf1    \"\n        >\n                    <div class=\"block-bg-img\n            \">\n                <img loading=\"lazy\" decoding=\"async\"\n            src=\"https:\/\/monriad.net\/wp-content\/uploads\/2023\/11\/DSC09816.jpg\"\n    \n    \n    \n    onerror=\"this.onerror=null; this.src='data:image\/gif;base64,R0lGODlhAQABAIAAAMLCwgAAACH5BAAAAAAALAAAAAABAAEAAAICRAEAOw=='; this.srcset='data:image\/gif;base64,R0lGODlhAQABAIAAAMLCwgAAACH5BAAAAAAALAAAAAABAAEAAAICRAEAOw=='\"\n    alt=\"DSC09816\"\n    width=\"1616\"\n    height=\"1080\"\n    class=\"\n        object-fit             \"\n\n        \n            srcset=\"https:\/\/monriad.net\/wp-content\/uploads\/2023\/11\/DSC09816-188x126.jpg 188w, https:\/\/monriad.net\/wp-content\/uploads\/2023\/11\/DSC09816-375x251.jpg 375w, https:\/\/monriad.net\/wp-content\/uploads\/2023\/11\/DSC09816-500x334.jpg 500w, https:\/\/monriad.net\/wp-content\/uploads\/2023\/11\/DSC09816-640x428.jpg 640w, https:\/\/monriad.net\/wp-content\/uploads\/2023\/11\/DSC09816-800x535.jpg 800w, https:\/\/monriad.net\/wp-content\/uploads\/2023\/11\/DSC09816-1024x684.jpg 1024w, https:\/\/monriad.net\/wp-content\/uploads\/2023\/11\/DSC09816-1367x914.jpg 1367w, https:\/\/monriad.net\/wp-content\/uploads\/2023\/11\/DSC09816.jpg 1920w, https:\/\/monriad.net\/wp-content\/uploads\/2023\/11\/DSC09816.jpg 2200w\"\n    \n    sizes=\"auto, (max-width: 48em) 100vw, (max-width: 64em) 100vw, (min-width: 64em) 100vw\">\n            <\/div>\n                <div class=\"banner-content-block\">\n                                                    <h1 class=\"mb-12\"> Notre Restaurant                                    <\/h1>\n                                        <div class=\"buttons centered no-margin\">\n                                                                        <a class=\"button secondary\" href=\"https:\/\/monriad.net\/fr\/contactez-nous\/\" >\n                                Contactez Nous                            <\/a>\n                                                                                                <a class=\"button primary\" href=\"https:\/\/reservations.cubilis.eu\/mon-riad-marrakech?language=fr-FR\" >\n                                R\u00e9serve Maintenant                            <\/a>\n                                                            <\/div>\n                    <\/div>\n                                    <div class=\"whatsapp-btn-container\">\n                <a target=\"_blank\" rel=\"noopener\" class=\"button primary whatsapp-btn\" href=\"https:\/\/wa.me\/212671897078\">\n                    <svg xmlns=\"http:\/\/www.w3.org\/2000\/svg\" width=\"24\" height=\"24\" viewBox=\"0 0 48 48\"><path d=\"M29.366 25.915c-.638 0-1.866 2.381-2.6 2.381a1.079 1.079 0 0 1-.54-.172 14.391 14.391 0 0 1-3.707-2.479 12.4 12.4 0 0 1-2.5-3.363.74.74 0 0 1-.123-.369c0-.564 1.694-1.62 1.694-2.553 0-.245-1.252-3.584-1.424-4-.245-.638-.368-.834-1.031-.834-.319 0-.613-.074-.908-.074a1.781 1.781 0 0 0-1.276.54 5.157 5.157 0 0 0-1.817 3.879v.2a8.69 8.69 0 0 0 1.743 4.762c2.111 3.118 4.3 5.843 7.806 7.438a15.993 15.993 0 0 0 4.664 1.522c1.4 0 3.682-.884 4.247-2.258a5.426 5.426 0 0 0 .417-1.866 1.019 1.019 0 0 0-.049-.368 23.854 23.854 0 0 0-4.596-2.386z\" fill=\"currentColor\"\/><path d=\"M24.344 5A18.512 18.512 0 0 0 8.486 33.058L5.147 43l10.237-3.289A18.511 18.511 0 1 0 24.344 5zm0 33.925a15.514 15.514 0 0 1-8.469-2.553l-5.941 1.89 1.939-5.719a15.4 15.4 0 1 1 12.471 6.382z\" fill=\"currentColor\"\/><\/svg>\n                    <span>R\u00e9servez avec WhatsApp<\/span>            \n                <\/a>\n            <\/div>\n            <\/section>\n    \n\n    <section\n    class=\"row spacing container img-content-row\"\n    id=\"block_4d3ff91dc7b8dbc85678836f56d8fc49\"\n        >\n                \n        <div class=\"img-content text-image\">\n            <div class=\"img\" data-aos=\"fade-up\">\n                <div class=\"media-container  image-carousel \"><img decoding=\"async\"\n            src=\"https:\/\/monriad.net\/wp-content\/uploads\/2023\/11\/IMG_0566-1367x1823.jpg\"\n    \n            loading=\"lazy\"          \n    \n    \n    onerror=\"this.onerror=null; this.src='data:image\/gif;base64,R0lGODlhAQABAIAAAMLCwgAAACH5BAAAAAAALAAAAAABAAEAAAICRAEAOw=='; this.srcset='data:image\/gif;base64,R0lGODlhAQABAIAAAMLCwgAAACH5BAAAAAAALAAAAAABAAEAAAICRAEAOw=='\"\n    alt=\"Monriad Marrakech dining\"\n    width=\"1367\"\n    height=\"1823\"\n    class=\"\n        object-fit  set-aspect             \"\n\n            style=\"  --aspect-ratio: 1\/1;  \"\n        \n            srcset=\"https:\/\/monriad.net\/wp-content\/uploads\/2023\/11\/IMG_0566-188x251.jpg 188w, https:\/\/monriad.net\/wp-content\/uploads\/2023\/11\/IMG_0566-375x500.jpg 375w, https:\/\/monriad.net\/wp-content\/uploads\/2023\/11\/IMG_0566-500x667.jpg 500w, https:\/\/monriad.net\/wp-content\/uploads\/2023\/11\/IMG_0566-640x853.jpg 640w, https:\/\/monriad.net\/wp-content\/uploads\/2023\/11\/IMG_0566-800x1067.jpg 800w, https:\/\/monriad.net\/wp-content\/uploads\/2023\/11\/IMG_0566-1024x1365.jpg 1024w, https:\/\/monriad.net\/wp-content\/uploads\/2023\/11\/IMG_0566-1367x1823.jpg 1367w, https:\/\/monriad.net\/wp-content\/uploads\/2023\/11\/IMG_0566.jpg 1920w, https:\/\/monriad.net\/wp-content\/uploads\/2023\/11\/IMG_0566.jpg 2200w\"\n    \n    sizes=\"auto, (max-width: 48em) 85vw, (max-width: 64em) 42vw, (min-width: 64em) 42vw\">\n<\/div>            <\/div>\n\n            <div class=\"content\">\n                <div class=\"content-inner\">\n                    <header>\n                        \n                                                    <h2 data-aos=\"fade-up\">Menu Marocain D\u00e9jeuner                                                            <\/h2>\n                                            <\/header>\n\n                    <article class=\"content-wrap\" data-aos=\"fade-up\" data-aos-delay=\"150\">\n                        <p>Cette carte pr\u00e9sente les meilleurs plats du terroir. Inspir\u00e9s de la tradition berb\u00e8re, caract\u00e9ris\u00e9s par les multiples ar\u00f4mes des \u00e9pices et les nombreuses couleurs des ingr\u00e9dients, ces plats sont uniques et inimitables pour leur qualit\u00e9.<\/p>\n                    <\/article>\n                    \n                                            <div class=\"buttons\" data-aos=\"fade-up\" data-aos-delay=\"150\">\n                                                                                                <a class=\"button primary\" href=\"https:\/\/monriad.net\/wp-content\/uploads\/2023\/10\/LUNCH-MOROCCAN-MENU.pdf\" >\n                                        Voir Menu                                    <\/a>\n                                                                                    <\/div>\n                                    <\/div>\n            <\/div>\n        <\/div>\n    <\/section>\n    \n\n    <section\n    class=\"row spacing container img-content-row\"\n    id=\"block_23a9bd904570ab6bd7d23bc3a7a5f784\"\n        >\n                \n        <div class=\"img-content image-text\">\n            <div class=\"img\" data-aos=\"fade-up\">\n                <div class=\"media-container  image-carousel \"><img decoding=\"async\"\n            src=\"https:\/\/monriad.net\/wp-content\/uploads\/2023\/10\/dinner3-e1699520223504-1367x1538.jpeg\"\n    \n            loading=\"lazy\"          \n    \n    \n    onerror=\"this.onerror=null; this.src='data:image\/gif;base64,R0lGODlhAQABAIAAAMLCwgAAACH5BAAAAAAALAAAAAABAAEAAAICRAEAOw=='; this.srcset='data:image\/gif;base64,R0lGODlhAQABAIAAAMLCwgAAACH5BAAAAAAALAAAAAABAAEAAAICRAEAOw=='\"\n    alt=\"Monriad dining\"\n    width=\"1367\"\n    height=\"1538\"\n    class=\"\n        object-fit  set-aspect             \"\n\n            style=\"  --aspect-ratio: 1\/1;  \"\n        \n            srcset=\"https:\/\/monriad.net\/wp-content\/uploads\/2023\/10\/dinner3-e1699520223504-188x212.jpeg 188w, https:\/\/monriad.net\/wp-content\/uploads\/2023\/10\/dinner3-e1699520223504-375x422.jpeg 375w, https:\/\/monriad.net\/wp-content\/uploads\/2023\/10\/dinner3-e1699520223504-500x563.jpeg 500w, https:\/\/monriad.net\/wp-content\/uploads\/2023\/10\/dinner3-e1699520223504-640x720.jpeg 640w, https:\/\/monriad.net\/wp-content\/uploads\/2023\/10\/dinner3-e1699520223504-800x900.jpeg 800w, https:\/\/monriad.net\/wp-content\/uploads\/2023\/10\/dinner3-e1699520223504-1024x1152.jpeg 1024w, https:\/\/monriad.net\/wp-content\/uploads\/2023\/10\/dinner3-e1699520223504-1367x1538.jpeg 1367w, https:\/\/monriad.net\/wp-content\/uploads\/2023\/10\/dinner3-e1699520223504.jpeg 1920w, https:\/\/monriad.net\/wp-content\/uploads\/2023\/10\/dinner3-e1699520223504.jpeg 2200w\"\n    \n    sizes=\"auto, (max-width: 48em) 85vw, (max-width: 64em) 42vw, (min-width: 64em) 42vw\">\n<\/div>            <\/div>\n\n            <div class=\"content\">\n                <div class=\"content-inner\">\n                    <header>\n                        \n                                                    <h2 data-aos=\"fade-up\">Menu Marocain D\u00eener                                                            <\/h2>\n                                            <\/header>\n\n                    <article class=\"content-wrap\" data-aos=\"fade-up\" data-aos-delay=\"150\">\n                        <p>Cette carte pr\u00e9sente les meilleurs plats du terroir. Inspir\u00e9s de la tradition berb\u00e8re, caract\u00e9ris\u00e9s par les multiples ar\u00f4mes des \u00e9pices et les nombreuses couleurs des ingr\u00e9dients, ces plats sont uniques et inimitables pour leur qualit\u00e9.<\/p>\n                    <\/article>\n                    \n                                            <div class=\"buttons\" data-aos=\"fade-up\" data-aos-delay=\"150\">\n                                                                                                <a class=\"button primary\" href=\"https:\/\/monriad.net\/wp-content\/uploads\/2023\/10\/MOROCCAN-MENU.pdf\" >\n                                        Voir Menu                                    <\/a>\n                                                                                    <\/div>\n                                    <\/div>\n            <\/div>\n        <\/div>\n    <\/section>\n    \n\n    <section\n    class=\"row spacing container img-content-row\"\n    id=\"block_0d27e3ae58d5e383442018fa65c7e562\"\n        >\n                \n        <div class=\"img-content text-image\">\n            <div class=\"img\" data-aos=\"fade-up\">\n                <div class=\"media-container  image-carousel \"><img decoding=\"async\"\n            src=\"https:\/\/monriad.net\/wp-content\/uploads\/2023\/10\/menu-ita1-e1699093452436-1367x1221.jpg\"\n    \n            loading=\"lazy\"          \n    \n    \n    onerror=\"this.onerror=null; this.src='data:image\/gif;base64,R0lGODlhAQABAIAAAMLCwgAAACH5BAAAAAAALAAAAAABAAEAAAICRAEAOw=='; this.srcset='data:image\/gif;base64,R0lGODlhAQABAIAAAMLCwgAAACH5BAAAAAAALAAAAAABAAEAAAICRAEAOw=='\"\n    alt=\"Monriad dining\"\n    width=\"1367\"\n    height=\"1221\"\n    class=\"\n        object-fit  set-aspect             \"\n\n            style=\"  --aspect-ratio: 1\/1;  \"\n        \n            srcset=\"https:\/\/monriad.net\/wp-content\/uploads\/2023\/10\/menu-ita1-e1699093452436-188x168.jpg 188w, https:\/\/monriad.net\/wp-content\/uploads\/2023\/10\/menu-ita1-e1699093452436-375x335.jpg 375w, https:\/\/monriad.net\/wp-content\/uploads\/2023\/10\/menu-ita1-e1699093452436-500x446.jpg 500w, https:\/\/monriad.net\/wp-content\/uploads\/2023\/10\/menu-ita1-e1699093452436-640x571.jpg 640w, https:\/\/monriad.net\/wp-content\/uploads\/2023\/10\/menu-ita1-e1699093452436-800x714.jpg 800w, https:\/\/monriad.net\/wp-content\/uploads\/2023\/10\/menu-ita1-e1699093452436-1024x914.jpg 1024w, https:\/\/monriad.net\/wp-content\/uploads\/2023\/10\/menu-ita1-e1699093452436-1367x1221.jpg 1367w, https:\/\/monriad.net\/wp-content\/uploads\/2023\/10\/menu-ita1-e1699093452436.jpg 1920w, https:\/\/monriad.net\/wp-content\/uploads\/2023\/10\/menu-ita1-e1699093452436.jpg 2200w\"\n    \n    sizes=\"auto, (max-width: 48em) 85vw, (max-width: 64em) 42vw, (min-width: 64em) 42vw\">\n<\/div>            <\/div>\n\n            <div class=\"content\">\n                <div class=\"content-inner\">\n                    <header>\n                        \n                                                    <h2 data-aos=\"fade-up\">Menu Italien                                                            <\/h2>\n                                            <\/header>\n\n                    <article class=\"content-wrap\" data-aos=\"fade-up\" data-aos-delay=\"150\">\n                        <p>Dans cette carte, notre cuisine vous propose les meilleurs plats italiens traditionnels qui, du nord au sud, sont r\u00e9put\u00e9s dans le monde entier pour leurs go\u00fbts uniques.<\/p>\n                    <\/article>\n                    \n                                            <div class=\"buttons\" data-aos=\"fade-up\" data-aos-delay=\"150\">\n                                                                                                <a class=\"button primary\" href=\"https:\/\/monriad.net\/wp-content\/uploads\/2023\/10\/ITALIAN.pdf\" >\n                                        Voir Menu                                    <\/a>\n                                                                                    <\/div>\n                                    <\/div>\n            <\/div>\n        <\/div>\n    <\/section>\n    \n\n    <section\n    class=\"row spacing container img-content-row\"\n    id=\"block_a72a471456a7bb2d90f8cdfc0871f38c\"\n        >\n                \n        <div class=\"img-content image-text\">\n            <div class=\"img\" data-aos=\"fade-up\">\n                <div class=\"media-container  image-carousel \"><img decoding=\"async\"\n            src=\"https:\/\/monriad.net\/wp-content\/uploads\/2023\/11\/36-IMG_7383-1367x1823.jpg\"\n    \n            loading=\"lazy\"          \n    \n    \n    onerror=\"this.onerror=null; this.src='data:image\/gif;base64,R0lGODlhAQABAIAAAMLCwgAAACH5BAAAAAAALAAAAAABAAEAAAICRAEAOw=='; this.srcset='data:image\/gif;base64,R0lGODlhAQABAIAAAMLCwgAAACH5BAAAAAAALAAAAAABAAEAAAICRAEAOw=='\"\n    alt=\"Monriad Marrakech dining\"\n    width=\"1367\"\n    height=\"1823\"\n    class=\"\n        object-fit  set-aspect             \"\n\n            style=\"  --aspect-ratio: 1\/1;  \"\n        \n            srcset=\"https:\/\/monriad.net\/wp-content\/uploads\/2023\/11\/36-IMG_7383-188x251.jpg 188w, https:\/\/monriad.net\/wp-content\/uploads\/2023\/11\/36-IMG_7383-375x500.jpg 375w, https:\/\/monriad.net\/wp-content\/uploads\/2023\/11\/36-IMG_7383-500x667.jpg 500w, https:\/\/monriad.net\/wp-content\/uploads\/2023\/11\/36-IMG_7383-640x853.jpg 640w, https:\/\/monriad.net\/wp-content\/uploads\/2023\/11\/36-IMG_7383-800x1067.jpg 800w, https:\/\/monriad.net\/wp-content\/uploads\/2023\/11\/36-IMG_7383-1024x1365.jpg 1024w, https:\/\/monriad.net\/wp-content\/uploads\/2023\/11\/36-IMG_7383-1367x1823.jpg 1367w, https:\/\/monriad.net\/wp-content\/uploads\/2023\/11\/36-IMG_7383.jpg 1920w, https:\/\/monriad.net\/wp-content\/uploads\/2023\/11\/36-IMG_7383.jpg 2200w\"\n    \n    sizes=\"auto, (max-width: 48em) 85vw, (max-width: 64em) 42vw, (min-width: 64em) 42vw\">\n<\/div>            <\/div>\n\n            <div class=\"content\">\n                <div class=\"content-inner\">\n                    <header>\n                        \n                                                    <h2 data-aos=\"fade-up\">Menu V\u00e9g\u00e9tarien et Sans Gluten                                                            <\/h2>\n                                            <\/header>\n\n                    <article class=\"content-wrap\" data-aos=\"fade-up\" data-aos-delay=\"150\">\n                        <p>Dans ce menu, notre cuisine propose de nombreux plats caract\u00e9ris\u00e9s par les multiples couleurs des \u00e9pices et des l\u00e9gumes locaux.<\/p>\n                    <\/article>\n                    \n                                            <div class=\"buttons\" data-aos=\"fade-up\" data-aos-delay=\"150\">\n                                                                                                <a class=\"button primary\" href=\"https:\/\/monriad.net\/wp-content\/uploads\/2023\/10\/VEGGY-MENU.pdf\" >\n                                        Voir Menu                                    <\/a>\n                                                                                    <\/div>\n                                    <\/div>\n            <\/div>\n        <\/div>\n    <\/section>\n    ","protected":false},"excerpt":{"rendered":"","protected":false},"author":1,"featured_media":0,"parent":0,"menu_order":3,"comment_status":"closed","ping_status":"closed","template":"","meta":{"_acf_changed":false,"footnotes":""},"class_list":["post-3566","page","type-page","status-publish","hentry"],"acf":[],"yoast_head":"<!-- This site is optimized with the Yoast SEO plugin v27.2 - https:\/\/yoast.com\/product\/yoast-seo-wordpress\/ -->\n<title>Restaurant - MonRiad<\/title>\n<meta name=\"description\" content=\"Choisissez parmi nos diff\u00e9rents menus d\u00e9licieux, notamment les meilleurs plats locaux marocains, italiens et v\u00e9g\u00e9tariens.\" \/>\n<meta name=\"robots\" content=\"index, follow, max-snippet:-1, max-image-preview:large, max-video-preview:-1\" \/>\n<link rel=\"canonical\" href=\"https:\/\/monriad.net\/fr\/restaurant\/\" \/>\n<meta property=\"og:locale\" content=\"fr_FR\" \/>\n<meta property=\"og:type\" content=\"article\" \/>\n<meta property=\"og:title\" content=\"Restaurant - MonRiad\" \/>\n<meta property=\"og:description\" content=\"Choisissez parmi nos diff\u00e9rents menus d\u00e9licieux, notamment les meilleurs plats locaux marocains, italiens et v\u00e9g\u00e9tariens.\" \/>\n<meta property=\"og:url\" content=\"https:\/\/monriad.net\/fr\/restaurant\/\" \/>\n<meta property=\"og:site_name\" content=\"MonRiad\" \/>\n<meta property=\"article:modified_time\" content=\"2026-01-06T16:05:21+00:00\" \/>\n<meta property=\"og:image\" content=\"https:\/\/monriad.net\/wp-content\/uploads\/2023\/10\/image0-5-1.jpeg\" \/>\n\t<meta property=\"og:image:width\" content=\"2200\" \/>\n\t<meta property=\"og:image:height\" content=\"1650\" \/>\n\t<meta property=\"og:image:type\" content=\"image\/jpeg\" \/>\n<meta name=\"twitter:card\" content=\"summary_large_image\" \/>\n<script type=\"application\/ld+json\" class=\"yoast-schema-graph\">{\"@context\":\"https:\/\/schema.org\",\"@graph\":[{\"@type\":\"WebPage\",\"@id\":\"https:\/\/monriad.net\/fr\/restaurant\/\",\"url\":\"https:\/\/monriad.net\/fr\/restaurant\/\",\"name\":\"Restaurant - MonRiad\",\"isPartOf\":{\"@id\":\"https:\/\/monriad.net\/#website\"},\"datePublished\":\"2023-06-26T14:59:44+00:00\",\"dateModified\":\"2026-01-06T16:05:21+00:00\",\"description\":\"Choisissez parmi nos diff\u00e9rents menus d\u00e9licieux, notamment les meilleurs plats locaux marocains, italiens et v\u00e9g\u00e9tariens.\",\"breadcrumb\":{\"@id\":\"https:\/\/monriad.net\/fr\/restaurant\/#breadcrumb\"},\"inLanguage\":\"fr-FR\",\"potentialAction\":[{\"@type\":\"ReadAction\",\"target\":[\"https:\/\/monriad.net\/fr\/restaurant\/\"]}]},{\"@type\":\"BreadcrumbList\",\"@id\":\"https:\/\/monriad.net\/fr\/restaurant\/#breadcrumb\",\"itemListElement\":[{\"@type\":\"ListItem\",\"position\":1,\"name\":\"Home\",\"item\":\"https:\/\/monriad.net\/fr\/\"},{\"@type\":\"ListItem\",\"position\":2,\"name\":\"Restaurant\"}]},{\"@type\":\"WebSite\",\"@id\":\"https:\/\/monriad.net\/#website\",\"url\":\"https:\/\/monriad.net\/\",\"name\":\"MonRiad\",\"description\":\"MonRiad\",\"potentialAction\":[{\"@type\":\"SearchAction\",\"target\":{\"@type\":\"EntryPoint\",\"urlTemplate\":\"https:\/\/monriad.net\/?s={search_term_string}\"},\"query-input\":{\"@type\":\"PropertyValueSpecification\",\"valueRequired\":true,\"valueName\":\"search_term_string\"}}],\"inLanguage\":\"fr-FR\"}]}<\/script>\n<!-- \/ Yoast SEO plugin. -->","yoast_head_json":{"title":"Restaurant - MonRiad","description":"Choisissez parmi nos diff\u00e9rents menus d\u00e9licieux, notamment les meilleurs plats locaux marocains, italiens et v\u00e9g\u00e9tariens.","robots":{"index":"index","follow":"follow","max-snippet":"max-snippet:-1","max-image-preview":"max-image-preview:large","max-video-preview":"max-video-preview:-1"},"canonical":"https:\/\/monriad.net\/fr\/restaurant\/","og_locale":"fr_FR","og_type":"article","og_title":"Restaurant - MonRiad","og_description":"Choisissez parmi nos diff\u00e9rents menus d\u00e9licieux, notamment les meilleurs plats locaux marocains, italiens et v\u00e9g\u00e9tariens.","og_url":"https:\/\/monriad.net\/fr\/restaurant\/","og_site_name":"MonRiad","article_modified_time":"2026-01-06T16:05:21+00:00","og_image":[{"width":2200,"height":1650,"url":"https:\/\/monriad.net\/wp-content\/uploads\/2023\/10\/image0-5-1.jpeg","type":"image\/jpeg"}],"twitter_card":"summary_large_image","schema":{"@context":"https:\/\/schema.org","@graph":[{"@type":"WebPage","@id":"https:\/\/monriad.net\/fr\/restaurant\/","url":"https:\/\/monriad.net\/fr\/restaurant\/","name":"Restaurant - MonRiad","isPartOf":{"@id":"https:\/\/monriad.net\/#website"},"datePublished":"2023-06-26T14:59:44+00:00","dateModified":"2026-01-06T16:05:21+00:00","description":"Choisissez parmi nos diff\u00e9rents menus d\u00e9licieux, notamment les meilleurs plats locaux marocains, italiens et v\u00e9g\u00e9tariens.","breadcrumb":{"@id":"https:\/\/monriad.net\/fr\/restaurant\/#breadcrumb"},"inLanguage":"fr-FR","potentialAction":[{"@type":"ReadAction","target":["https:\/\/monriad.net\/fr\/restaurant\/"]}]},{"@type":"BreadcrumbList","@id":"https:\/\/monriad.net\/fr\/restaurant\/#breadcrumb","itemListElement":[{"@type":"ListItem","position":1,"name":"Home","item":"https:\/\/monriad.net\/fr\/"},{"@type":"ListItem","position":2,"name":"Restaurant"}]},{"@type":"WebSite","@id":"https:\/\/monriad.net\/#website","url":"https:\/\/monriad.net\/","name":"MonRiad","description":"MonRiad","potentialAction":[{"@type":"SearchAction","target":{"@type":"EntryPoint","urlTemplate":"https:\/\/monriad.net\/?s={search_term_string}"},"query-input":{"@type":"PropertyValueSpecification","valueRequired":true,"valueName":"search_term_string"}}],"inLanguage":"fr-FR"}]}},"_links":{"self":[{"href":"https:\/\/monriad.net\/fr\/wp-json\/wp\/v2\/pages\/3566","targetHints":{"allow":["GET"]}}],"collection":[{"href":"https:\/\/monriad.net\/fr\/wp-json\/wp\/v2\/pages"}],"about":[{"href":"https:\/\/monriad.net\/fr\/wp-json\/wp\/v2\/types\/page"}],"author":[{"embeddable":true,"href":"https:\/\/monriad.net\/fr\/wp-json\/wp\/v2\/users\/1"}],"replies":[{"embeddable":true,"href":"https:\/\/monriad.net\/fr\/wp-json\/wp\/v2\/comments?post=3566"}],"version-history":[{"count":1,"href":"https:\/\/monriad.net\/fr\/wp-json\/wp\/v2\/pages\/3566\/revisions"}],"predecessor-version":[{"id":7005,"href":"https:\/\/monriad.net\/fr\/wp-json\/wp\/v2\/pages\/3566\/revisions\/7005"}],"wp:attachment":[{"href":"https:\/\/monriad.net\/fr\/wp-json\/wp\/v2\/media?parent=3566"}],"curies":[{"name":"wp","href":"https:\/\/api.w.org\/{rel}","templated":true}]}}