{"id":3620,"date":"2020-10-06T16:26:35","date_gmt":"2020-10-06T15:26:35","guid":{"rendered":"https:\/\/monriad.net\/?page_id=3620"},"modified":"2026-01-06T15:59:36","modified_gmt":"2026-01-06T15:59:36","slug":"terminos-y-politica-de-privacidad","status":"publish","type":"page","link":"https:\/\/monriad.net\/es\/terminos-y-politica-de-privacidad\/","title":{"rendered":"T\u00e9rminos Y Pol\u00edtica De Privacidad"},"content":{"rendered":"\n<h1 class=\"wp-block-heading\">T\u00e9rminos Y Pol\u00edtica De Privacidad<\/h1>\n\n\n\n<p>MonRiad se compromete a proteger y respetar su privacidad. Esta pol\u00edtica (junto con nuestras condiciones<br>de uso) establece la base sobre la que se procesa cualquier dato personal que recopilemos de usted, o que<br>usted nos proporcione. Le rogamos que lea atentamente lo que sigue para comprender nuestros puntos de<br>vista y procedimientos.<\/p>\n\n\n\n<p><br>Recogemos informaci\u00f3n personal de los visitantes de este sitio web mediante el uso de formularios de<br>consulta y reserva y cada vez que nos env\u00eda sus datos por correo electr\u00f3nico. Tambi\u00e9n recogemos<br>informaci\u00f3n autom\u00e1ticamente sobre su visita a nuestro sitio web, que puede incluir sus direcciones IP.<br>Tambi\u00e9n puede facilitarnos informaci\u00f3n personal a trav\u00e9s de Internet.<\/p>\n\n\n\n<p><br>Podemos utilizar esta informaci\u00f3n para ponernos en contacto con usted por correo electr\u00f3nico u otros<br>m\u00e9todos. Esta informaci\u00f3n puede utilizarse, por ejemplo, para informarle de promociones especiales,<br>ofertas de precios, etc. Utilizamos los servicios de terceros proveedores de marketing para la distribuci\u00f3n<br>de comunicaciones de marketing por correo electr\u00f3nico. Los datos se les suministran bajo licencia para su<br>tratamiento y no son utilizados, controlados ni supervisados por ellos. Todos estos proveedores cumplen<br>con sus obligaciones de proteger sus datos conforme a los niveles de protecci\u00f3n de datos de Marruecos.<\/p>\n\n\n\n<p>Respetamos su derecho a la intimidad. Tiene derecho a pedirnos que no procesemos su informaci\u00f3n<br>personal con fines de marketing. Si nos comunica que no desea que utilicemos esta informaci\u00f3n,<br>respetaremos sus deseos. Si tiene alguna solicitud relativa a su informaci\u00f3n personal o alguna pregunta con<br>respecto a la captura, almacenamiento y uso de la informaci\u00f3n personal, p\u00f3ngase en contacto con<br>MonRiad, Marrakech, Marruecos.<\/p>\n\n\n\n<p><br>El material de este sitio web est\u00e1 protegido por derechos de autor, que son propiedad de MonRiad. Los<br>usuarios pueden ver, imprimir y descargar el contenido s\u00f3lo para uso personal y el contenido no debe ser<br>utilizado para fines comerciales sin el permiso de MonRiad.<\/p>\n\n\n\n<p><\/p>\n\n\n\n<p><\/p>\n","protected":false},"excerpt":{"rendered":"<p>T\u00e9rminos Y Pol\u00edtica De Privacidad MonRiad se compromete a proteger y respetar su privacidad. Esta pol\u00edtica (junto con nuestras condicionesde&#8230;<\/p>\n","protected":false},"author":1,"featured_media":0,"parent":0,"menu_order":7,"comment_status":"closed","ping_status":"closed","template":"","meta":{"_acf_changed":false,"footnotes":""},"class_list":["post-3620","page","type-page","status-publish","hentry"],"acf":[],"yoast_head":"<!-- This site is optimized with the Yoast SEO plugin v27.2 - https:\/\/yoast.com\/product\/yoast-seo-wordpress\/ -->\n<title>T\u00e9rminos Y Pol\u00edtica De Privacidad - MonRiad<\/title>\n<meta name=\"description\" content=\"MonRiad se compromete a proteger y respetar su privacidad. Lea nuestros t\u00e9rminos y pol\u00edtica de privacidad aqu\u00ed.\" \/>\n<meta name=\"robots\" content=\"index, follow, max-snippet:-1, max-image-preview:large, max-video-preview:-1\" \/>\n<link rel=\"canonical\" href=\"https:\/\/monriad.net\/es\/terminos-y-politica-de-privacidad\/\" \/>\n<meta property=\"og:locale\" content=\"es_ES\" \/>\n<meta property=\"og:type\" content=\"article\" \/>\n<meta property=\"og:title\" content=\"T\u00e9rminos Y Pol\u00edtica De Privacidad - MonRiad\" \/>\n<meta property=\"og:description\" content=\"MonRiad se compromete a proteger y respetar su privacidad. Lea nuestros t\u00e9rminos y pol\u00edtica de privacidad aqu\u00ed.\" \/>\n<meta property=\"og:url\" content=\"https:\/\/monriad.net\/es\/terminos-y-politica-de-privacidad\/\" \/>\n<meta property=\"og:site_name\" content=\"MonRiad\" \/>\n<meta property=\"article:modified_time\" content=\"2026-01-06T15:59:36+00:00\" \/>\n<meta property=\"og:image\" content=\"https:\/\/monriad.net\/wp-content\/uploads\/2023\/10\/image0-5-1.jpeg\" \/>\n\t<meta property=\"og:image:width\" content=\"2200\" \/>\n\t<meta property=\"og:image:height\" content=\"1650\" \/>\n\t<meta property=\"og:image:type\" content=\"image\/jpeg\" \/>\n<meta name=\"twitter:card\" content=\"summary_large_image\" \/>\n<meta name=\"twitter:label1\" content=\"Tiempo de lectura\" \/>\n\t<meta name=\"twitter:data1\" content=\"2 minutos\" \/>\n<script type=\"application\/ld+json\" class=\"yoast-schema-graph\">{\"@context\":\"https:\/\/schema.org\",\"@graph\":[{\"@type\":\"WebPage\",\"@id\":\"https:\/\/monriad.net\/es\/terminos-y-politica-de-privacidad\/\",\"url\":\"https:\/\/monriad.net\/es\/terminos-y-politica-de-privacidad\/\",\"name\":\"T\u00e9rminos Y Pol\u00edtica De Privacidad - MonRiad\",\"isPartOf\":{\"@id\":\"https:\/\/monriad.net\/#website\"},\"datePublished\":\"2020-10-06T15:26:35+00:00\",\"dateModified\":\"2026-01-06T15:59:36+00:00\",\"description\":\"MonRiad se compromete a proteger y respetar su privacidad. Lea nuestros t\u00e9rminos y pol\u00edtica de privacidad aqu\u00ed.\",\"breadcrumb\":{\"@id\":\"https:\/\/monriad.net\/es\/terminos-y-politica-de-privacidad\/#breadcrumb\"},\"inLanguage\":\"es\",\"potentialAction\":[{\"@type\":\"ReadAction\",\"target\":[\"https:\/\/monriad.net\/es\/terminos-y-politica-de-privacidad\/\"]}]},{\"@type\":\"BreadcrumbList\",\"@id\":\"https:\/\/monriad.net\/es\/terminos-y-politica-de-privacidad\/#breadcrumb\",\"itemListElement\":[{\"@type\":\"ListItem\",\"position\":1,\"name\":\"Home\",\"item\":\"https:\/\/monriad.net\/es\/\"},{\"@type\":\"ListItem\",\"position\":2,\"name\":\"T\u00e9rminos Y Pol\u00edtica De Privacidad\"}]},{\"@type\":\"WebSite\",\"@id\":\"https:\/\/monriad.net\/#website\",\"url\":\"https:\/\/monriad.net\/\",\"name\":\"MonRiad\",\"description\":\"MonRiad\",\"potentialAction\":[{\"@type\":\"SearchAction\",\"target\":{\"@type\":\"EntryPoint\",\"urlTemplate\":\"https:\/\/monriad.net\/?s={search_term_string}\"},\"query-input\":{\"@type\":\"PropertyValueSpecification\",\"valueRequired\":true,\"valueName\":\"search_term_string\"}}],\"inLanguage\":\"es\"}]}<\/script>\n<!-- \/ Yoast SEO plugin. -->","yoast_head_json":{"title":"T\u00e9rminos Y Pol\u00edtica De Privacidad - MonRiad","description":"MonRiad se compromete a proteger y respetar su privacidad. Lea nuestros t\u00e9rminos y pol\u00edtica de privacidad aqu\u00ed.","robots":{"index":"index","follow":"follow","max-snippet":"max-snippet:-1","max-image-preview":"max-image-preview:large","max-video-preview":"max-video-preview:-1"},"canonical":"https:\/\/monriad.net\/es\/terminos-y-politica-de-privacidad\/","og_locale":"es_ES","og_type":"article","og_title":"T\u00e9rminos Y Pol\u00edtica De Privacidad - MonRiad","og_description":"MonRiad se compromete a proteger y respetar su privacidad. Lea nuestros t\u00e9rminos y pol\u00edtica de privacidad aqu\u00ed.","og_url":"https:\/\/monriad.net\/es\/terminos-y-politica-de-privacidad\/","og_site_name":"MonRiad","article_modified_time":"2026-01-06T15:59:36+00:00","og_image":[{"width":2200,"height":1650,"url":"https:\/\/monriad.net\/wp-content\/uploads\/2023\/10\/image0-5-1.jpeg","type":"image\/jpeg"}],"twitter_card":"summary_large_image","twitter_misc":{"Tiempo de lectura":"2 minutos"},"schema":{"@context":"https:\/\/schema.org","@graph":[{"@type":"WebPage","@id":"https:\/\/monriad.net\/es\/terminos-y-politica-de-privacidad\/","url":"https:\/\/monriad.net\/es\/terminos-y-politica-de-privacidad\/","name":"T\u00e9rminos Y Pol\u00edtica De Privacidad - MonRiad","isPartOf":{"@id":"https:\/\/monriad.net\/#website"},"datePublished":"2020-10-06T15:26:35+00:00","dateModified":"2026-01-06T15:59:36+00:00","description":"MonRiad se compromete a proteger y respetar su privacidad. Lea nuestros t\u00e9rminos y pol\u00edtica de privacidad aqu\u00ed.","breadcrumb":{"@id":"https:\/\/monriad.net\/es\/terminos-y-politica-de-privacidad\/#breadcrumb"},"inLanguage":"es","potentialAction":[{"@type":"ReadAction","target":["https:\/\/monriad.net\/es\/terminos-y-politica-de-privacidad\/"]}]},{"@type":"BreadcrumbList","@id":"https:\/\/monriad.net\/es\/terminos-y-politica-de-privacidad\/#breadcrumb","itemListElement":[{"@type":"ListItem","position":1,"name":"Home","item":"https:\/\/monriad.net\/es\/"},{"@type":"ListItem","position":2,"name":"T\u00e9rminos Y Pol\u00edtica De Privacidad"}]},{"@type":"WebSite","@id":"https:\/\/monriad.net\/#website","url":"https:\/\/monriad.net\/","name":"MonRiad","description":"MonRiad","potentialAction":[{"@type":"SearchAction","target":{"@type":"EntryPoint","urlTemplate":"https:\/\/monriad.net\/?s={search_term_string}"},"query-input":{"@type":"PropertyValueSpecification","valueRequired":true,"valueName":"search_term_string"}}],"inLanguage":"es"}]}},"_links":{"self":[{"href":"https:\/\/monriad.net\/es\/wp-json\/wp\/v2\/pages\/3620","targetHints":{"allow":["GET"]}}],"collection":[{"href":"https:\/\/monriad.net\/es\/wp-json\/wp\/v2\/pages"}],"about":[{"href":"https:\/\/monriad.net\/es\/wp-json\/wp\/v2\/types\/page"}],"author":[{"embeddable":true,"href":"https:\/\/monriad.net\/es\/wp-json\/wp\/v2\/users\/1"}],"replies":[{"embeddable":true,"href":"https:\/\/monriad.net\/es\/wp-json\/wp\/v2\/comments?post=3620"}],"version-history":[{"count":1,"href":"https:\/\/monriad.net\/es\/wp-json\/wp\/v2\/pages\/3620\/revisions"}],"predecessor-version":[{"id":6990,"href":"https:\/\/monriad.net\/es\/wp-json\/wp\/v2\/pages\/3620\/revisions\/6990"}],"wp:attachment":[{"href":"https:\/\/monriad.net\/es\/wp-json\/wp\/v2\/media?parent=3620"}],"curies":[{"name":"wp","href":"https:\/\/api.w.org\/{rel}","templated":true}]}}