{"id":3568,"date":"2023-06-26T15:59:44","date_gmt":"2023-06-26T14:59:44","guid":{"rendered":"https:\/\/monriad.net\/restaurant\/"},"modified":"2026-01-06T15:51:21","modified_gmt":"2026-01-06T15:51:21","slug":"restaurante","status":"publish","type":"page","link":"https:\/\/monriad.net\/es\/restaurante\/","title":{"rendered":"Restaurante"},"content":{"rendered":"    <section\n    class=\"row container    banner-block flex justify-center items-center flex-col theme--image\"\n    id=\"block_7fed7f3de560b914eb03839a4c0ff808    \"\n        >\n                    <div class=\"block-bg-img\n            \">\n                <img loading=\"lazy\" decoding=\"async\"\n            src=\"https:\/\/monriad.net\/wp-content\/uploads\/2023\/11\/DSC09816.jpg\"\n    \n    \n    \n    onerror=\"this.onerror=null; this.src='data:image\/gif;base64,R0lGODlhAQABAIAAAMLCwgAAACH5BAAAAAAALAAAAAABAAEAAAICRAEAOw=='; this.srcset='data:image\/gif;base64,R0lGODlhAQABAIAAAMLCwgAAACH5BAAAAAAALAAAAAABAAEAAAICRAEAOw=='\"\n    alt=\"DSC09816\"\n    width=\"1616\"\n    height=\"1080\"\n    class=\"\n        object-fit             \"\n\n        \n            srcset=\"https:\/\/monriad.net\/wp-content\/uploads\/2023\/11\/DSC09816-188x126.jpg 188w, https:\/\/monriad.net\/wp-content\/uploads\/2023\/11\/DSC09816-375x251.jpg 375w, https:\/\/monriad.net\/wp-content\/uploads\/2023\/11\/DSC09816-500x334.jpg 500w, https:\/\/monriad.net\/wp-content\/uploads\/2023\/11\/DSC09816-640x428.jpg 640w, https:\/\/monriad.net\/wp-content\/uploads\/2023\/11\/DSC09816-800x535.jpg 800w, https:\/\/monriad.net\/wp-content\/uploads\/2023\/11\/DSC09816-1024x684.jpg 1024w, https:\/\/monriad.net\/wp-content\/uploads\/2023\/11\/DSC09816-1367x914.jpg 1367w, https:\/\/monriad.net\/wp-content\/uploads\/2023\/11\/DSC09816.jpg 1920w, https:\/\/monriad.net\/wp-content\/uploads\/2023\/11\/DSC09816.jpg 2200w\"\n    \n    sizes=\"auto, (max-width: 48em) 100vw, (max-width: 64em) 100vw, (min-width: 64em) 100vw\">\n            <\/div>\n                <div class=\"banner-content-block\">\n                                                    <h1 class=\"mb-12\"> Nuestro Restaurante                                    <\/h1>\n                                        <div class=\"buttons centered no-margin\">\n                                                                        <a class=\"button secondary\" href=\"https:\/\/monriad.net\/es\/contacta-con-nosotras\/\" >\n                                Contacta con Nosotras                            <\/a>\n                                                                                                <a class=\"button primary\" href=\"https:\/\/reservations.cubilis.eu\/mon-riad-marrakech?language=es-ES\" >\n                                Reservar Ahora                            <\/a>\n                                                            <\/div>\n                    <\/div>\n                                    <div class=\"whatsapp-btn-container\">\n                <a target=\"_blank\" rel=\"noopener\" class=\"button primary whatsapp-btn\" href=\"https:\/\/wa.me\/212671897078\">\n                    <svg xmlns=\"http:\/\/www.w3.org\/2000\/svg\" width=\"24\" height=\"24\" viewBox=\"0 0 48 48\"><path d=\"M29.366 25.915c-.638 0-1.866 2.381-2.6 2.381a1.079 1.079 0 0 1-.54-.172 14.391 14.391 0 0 1-3.707-2.479 12.4 12.4 0 0 1-2.5-3.363.74.74 0 0 1-.123-.369c0-.564 1.694-1.62 1.694-2.553 0-.245-1.252-3.584-1.424-4-.245-.638-.368-.834-1.031-.834-.319 0-.613-.074-.908-.074a1.781 1.781 0 0 0-1.276.54 5.157 5.157 0 0 0-1.817 3.879v.2a8.69 8.69 0 0 0 1.743 4.762c2.111 3.118 4.3 5.843 7.806 7.438a15.993 15.993 0 0 0 4.664 1.522c1.4 0 3.682-.884 4.247-2.258a5.426 5.426 0 0 0 .417-1.866 1.019 1.019 0 0 0-.049-.368 23.854 23.854 0 0 0-4.596-2.386z\" fill=\"currentColor\"\/><path d=\"M24.344 5A18.512 18.512 0 0 0 8.486 33.058L5.147 43l10.237-3.289A18.511 18.511 0 1 0 24.344 5zm0 33.925a15.514 15.514 0 0 1-8.469-2.553l-5.941 1.89 1.939-5.719a15.4 15.4 0 1 1 12.471 6.382z\" fill=\"currentColor\"\/><\/svg>\n                    <span>Reserva con WhatsApp<\/span>            \n                <\/a>\n            <\/div>\n            <\/section>\n    \n\n    <section\n    class=\"row spacing container img-content-row\"\n    id=\"block_4850db2d2c91c4d9f887a52911dac4bb\"\n        >\n                \n        <div class=\"img-content text-image\">\n            <div class=\"img\" data-aos=\"fade-up\">\n                <div class=\"media-container  image-carousel \"><img decoding=\"async\"\n            src=\"https:\/\/monriad.net\/wp-content\/uploads\/2023\/11\/IMG_0566-1367x1823.jpg\"\n    \n            loading=\"lazy\"          \n    \n    \n    onerror=\"this.onerror=null; this.src='data:image\/gif;base64,R0lGODlhAQABAIAAAMLCwgAAACH5BAAAAAAALAAAAAABAAEAAAICRAEAOw=='; this.srcset='data:image\/gif;base64,R0lGODlhAQABAIAAAMLCwgAAACH5BAAAAAAALAAAAAABAAEAAAICRAEAOw=='\"\n    alt=\"Monriad Marrakech dining\"\n    width=\"1367\"\n    height=\"1823\"\n    class=\"\n        object-fit  set-aspect             \"\n\n            style=\"  --aspect-ratio: 1\/1;  \"\n        \n            srcset=\"https:\/\/monriad.net\/wp-content\/uploads\/2023\/11\/IMG_0566-188x251.jpg 188w, https:\/\/monriad.net\/wp-content\/uploads\/2023\/11\/IMG_0566-375x500.jpg 375w, https:\/\/monriad.net\/wp-content\/uploads\/2023\/11\/IMG_0566-500x667.jpg 500w, https:\/\/monriad.net\/wp-content\/uploads\/2023\/11\/IMG_0566-640x853.jpg 640w, https:\/\/monriad.net\/wp-content\/uploads\/2023\/11\/IMG_0566-800x1067.jpg 800w, https:\/\/monriad.net\/wp-content\/uploads\/2023\/11\/IMG_0566-1024x1365.jpg 1024w, https:\/\/monriad.net\/wp-content\/uploads\/2023\/11\/IMG_0566-1367x1823.jpg 1367w, https:\/\/monriad.net\/wp-content\/uploads\/2023\/11\/IMG_0566.jpg 1920w, https:\/\/monriad.net\/wp-content\/uploads\/2023\/11\/IMG_0566.jpg 2200w\"\n    \n    sizes=\"auto, (max-width: 48em) 85vw, (max-width: 64em) 42vw, (min-width: 64em) 42vw\">\n<\/div>            <\/div>\n\n            <div class=\"content\">\n                <div class=\"content-inner\">\n                    <header>\n                        \n                                                    <h2 data-aos=\"fade-up\">Men\u00fa Marroqu\u00ed Almuerzo                                                             <\/h2>\n                                            <\/header>\n\n                    <article class=\"content-wrap\" data-aos=\"fade-up\" data-aos-delay=\"150\">\n                        <p>En este men\u00fa nuestra cocina ofrece los mejores platos locales. Derivados de la tradici\u00f3n bereber y caracterizados por los m\u00faltiples sabores de las especias y los m\u00faltiples colores de los ingredientes, siguen siendo \u00fanicos e inimitables en su delicia.<\/p>\n                    <\/article>\n                    \n                                            <div class=\"buttons\" data-aos=\"fade-up\" data-aos-delay=\"150\">\n                                                                                                <a class=\"button primary\" href=\"https:\/\/monriad.net\/wp-content\/uploads\/2023\/10\/LUNCH-MOROCCAN-MENU.pdf\" >\n                                        Ver Men\u00fa                                    <\/a>\n                                                                                    <\/div>\n                                    <\/div>\n            <\/div>\n        <\/div>\n    <\/section>\n    \n\n    <section\n    class=\"row spacing container img-content-row\"\n    id=\"block_4aaa0d2c03ca27967e79e27f49a6c630\"\n        >\n                \n        <div class=\"img-content image-text\">\n            <div class=\"img\" data-aos=\"fade-up\">\n                <div class=\"media-container  image-carousel \"><img decoding=\"async\"\n            src=\"https:\/\/monriad.net\/wp-content\/uploads\/2023\/10\/dinner3-e1699018934845-1367x1434.jpeg\"\n    \n            loading=\"lazy\"          \n    \n    \n    onerror=\"this.onerror=null; this.src='data:image\/gif;base64,R0lGODlhAQABAIAAAMLCwgAAACH5BAAAAAAALAAAAAABAAEAAAICRAEAOw=='; this.srcset='data:image\/gif;base64,R0lGODlhAQABAIAAAMLCwgAAACH5BAAAAAAALAAAAAABAAEAAAICRAEAOw=='\"\n    alt=\"Monriad dining\"\n    width=\"1367\"\n    height=\"1434\"\n    class=\"\n        object-fit  set-aspect             \"\n\n            style=\"  --aspect-ratio: 1\/1;  \"\n        \n            srcset=\"https:\/\/monriad.net\/wp-content\/uploads\/2023\/10\/dinner3-e1699018934845-188x197.jpeg 188w, https:\/\/monriad.net\/wp-content\/uploads\/2023\/10\/dinner3-e1699018934845-375x393.jpeg 375w, https:\/\/monriad.net\/wp-content\/uploads\/2023\/10\/dinner3-e1699018934845-500x525.jpeg 500w, https:\/\/monriad.net\/wp-content\/uploads\/2023\/10\/dinner3-e1699018934845-640x671.jpeg 640w, https:\/\/monriad.net\/wp-content\/uploads\/2023\/10\/dinner3-e1699018934845-800x839.jpeg 800w, https:\/\/monriad.net\/wp-content\/uploads\/2023\/10\/dinner3-e1699018934845-1024x1074.jpeg 1024w, https:\/\/monriad.net\/wp-content\/uploads\/2023\/10\/dinner3-e1699018934845-1367x1434.jpeg 1367w, https:\/\/monriad.net\/wp-content\/uploads\/2023\/10\/dinner3-e1699018934845.jpeg 1920w, https:\/\/monriad.net\/wp-content\/uploads\/2023\/10\/dinner3-e1699018934845.jpeg 2200w\"\n    \n    sizes=\"auto, (max-width: 48em) 85vw, (max-width: 64em) 42vw, (min-width: 64em) 42vw\">\n<\/div>            <\/div>\n\n            <div class=\"content\">\n                <div class=\"content-inner\">\n                    <header>\n                        \n                                                    <h2 data-aos=\"fade-up\">Men\u00fa Marroqu\u00ed Cena                                                             <\/h2>\n                                            <\/header>\n\n                    <article class=\"content-wrap\" data-aos=\"fade-up\" data-aos-delay=\"150\">\n                        <p>En este men\u00fa nuestra cocina ofrece los mejores platos locales. Derivados de la tradici\u00f3n bereber y caracterizados por los m\u00faltiples sabores de las especias y los m\u00faltiples colores de los ingredientes, siguen siendo \u00fanicos e inimitables en su delicia.<\/p>\n                    <\/article>\n                    \n                                            <div class=\"buttons\" data-aos=\"fade-up\" data-aos-delay=\"150\">\n                                                                                                <a class=\"button primary\" href=\"https:\/\/monriad.net\/wp-content\/uploads\/2023\/10\/MOROCCAN-MENU.pdf\" >\n                                         Ver Men\u00fa                                    <\/a>\n                                                                                    <\/div>\n                                    <\/div>\n            <\/div>\n        <\/div>\n    <\/section>\n    \n\n    <section\n    class=\"row spacing container img-content-row\"\n    id=\"block_a3fa18a6bdcfacdb0f16e7f4ccc998a3\"\n        >\n                \n        <div class=\"img-content text-image\">\n            <div class=\"img\" data-aos=\"fade-up\">\n                <div class=\"media-container  image-carousel \"><img decoding=\"async\"\n            src=\"https:\/\/monriad.net\/wp-content\/uploads\/2023\/10\/menu-ita1-e1699093659913-1367x1227.jpg\"\n    \n            loading=\"lazy\"          \n    \n    \n    onerror=\"this.onerror=null; this.src='data:image\/gif;base64,R0lGODlhAQABAIAAAMLCwgAAACH5BAAAAAAALAAAAAABAAEAAAICRAEAOw=='; this.srcset='data:image\/gif;base64,R0lGODlhAQABAIAAAMLCwgAAACH5BAAAAAAALAAAAAABAAEAAAICRAEAOw=='\"\n    alt=\"Monriad dining\"\n    width=\"1367\"\n    height=\"1227\"\n    class=\"\n        object-fit  set-aspect             \"\n\n            style=\"  --aspect-ratio: 1\/1;  \"\n        \n            srcset=\"https:\/\/monriad.net\/wp-content\/uploads\/2023\/10\/menu-ita1-e1699093659913-188x169.jpg 188w, https:\/\/monriad.net\/wp-content\/uploads\/2023\/10\/menu-ita1-e1699093659913-375x337.jpg 375w, https:\/\/monriad.net\/wp-content\/uploads\/2023\/10\/menu-ita1-e1699093659913-500x449.jpg 500w, https:\/\/monriad.net\/wp-content\/uploads\/2023\/10\/menu-ita1-e1699093659913-640x575.jpg 640w, https:\/\/monriad.net\/wp-content\/uploads\/2023\/10\/menu-ita1-e1699093659913-800x718.jpg 800w, https:\/\/monriad.net\/wp-content\/uploads\/2023\/10\/menu-ita1-e1699093659913-1024x919.jpg 1024w, https:\/\/monriad.net\/wp-content\/uploads\/2023\/10\/menu-ita1-e1699093659913-1367x1227.jpg 1367w, https:\/\/monriad.net\/wp-content\/uploads\/2023\/10\/menu-ita1-e1699093659913.jpg 1920w, https:\/\/monriad.net\/wp-content\/uploads\/2023\/10\/menu-ita1-e1699093659913.jpg 2200w\"\n    \n    sizes=\"auto, (max-width: 48em) 85vw, (max-width: 64em) 42vw, (min-width: 64em) 42vw\">\n<\/div>            <\/div>\n\n            <div class=\"content\">\n                <div class=\"content-inner\">\n                    <header>\n                        \n                                                    <h2 data-aos=\"fade-up\">Menu Italiano                                                            <\/h2>\n                                            <\/header>\n\n                    <article class=\"content-wrap\" data-aos=\"fade-up\" data-aos-delay=\"150\">\n                        <p>En este men\u00fa nuestra cocina ofrece los mejores platos tradicionales italianos, que de norte a sur son reconocidos en todo el mundo por sus sabores \u00fanicos.<\/p>\n                    <\/article>\n                    \n                                            <div class=\"buttons\" data-aos=\"fade-up\" data-aos-delay=\"150\">\n                                                                                                <a class=\"button primary\" href=\"https:\/\/monriad.net\/wp-content\/uploads\/2023\/10\/ITALIAN.pdf\" >\n                                        Ver Men\u00fa                                    <\/a>\n                                                                                    <\/div>\n                                    <\/div>\n            <\/div>\n        <\/div>\n    <\/section>\n    \n\n    <section\n    class=\"row spacing container img-content-row\"\n    id=\"block_5c0b8b75b4524d515d43e16c87beaed6\"\n        >\n                \n        <div class=\"img-content image-text\">\n            <div class=\"img\" data-aos=\"fade-up\">\n                <div class=\"media-container  image-carousel \"><img decoding=\"async\"\n            src=\"https:\/\/monriad.net\/wp-content\/uploads\/2023\/11\/36-IMG_7383-1367x1823.jpg\"\n    \n            loading=\"lazy\"          \n    \n    \n    onerror=\"this.onerror=null; this.src='data:image\/gif;base64,R0lGODlhAQABAIAAAMLCwgAAACH5BAAAAAAALAAAAAABAAEAAAICRAEAOw=='; this.srcset='data:image\/gif;base64,R0lGODlhAQABAIAAAMLCwgAAACH5BAAAAAAALAAAAAABAAEAAAICRAEAOw=='\"\n    alt=\"36-IMG_7383\"\n    width=\"1367\"\n    height=\"1823\"\n    class=\"\n        object-fit  set-aspect             \"\n\n            style=\"  --aspect-ratio: 1\/1;  \"\n        \n            srcset=\"https:\/\/monriad.net\/wp-content\/uploads\/2023\/11\/36-IMG_7383-188x251.jpg 188w, https:\/\/monriad.net\/wp-content\/uploads\/2023\/11\/36-IMG_7383-375x500.jpg 375w, https:\/\/monriad.net\/wp-content\/uploads\/2023\/11\/36-IMG_7383-500x667.jpg 500w, https:\/\/monriad.net\/wp-content\/uploads\/2023\/11\/36-IMG_7383-640x853.jpg 640w, https:\/\/monriad.net\/wp-content\/uploads\/2023\/11\/36-IMG_7383-800x1067.jpg 800w, https:\/\/monriad.net\/wp-content\/uploads\/2023\/11\/36-IMG_7383-1024x1365.jpg 1024w, https:\/\/monriad.net\/wp-content\/uploads\/2023\/11\/36-IMG_7383-1367x1823.jpg 1367w, https:\/\/monriad.net\/wp-content\/uploads\/2023\/11\/36-IMG_7383.jpg 1920w, https:\/\/monriad.net\/wp-content\/uploads\/2023\/11\/36-IMG_7383.jpg 2200w\"\n    \n    sizes=\"auto, (max-width: 48em) 85vw, (max-width: 64em) 42vw, (min-width: 64em) 42vw\">\n<\/div>            <\/div>\n\n            <div class=\"content\">\n                <div class=\"content-inner\">\n                    <header>\n                        \n                                                    <h2 data-aos=\"fade-up\">Menu Vegetariano                                                            <\/h2>\n                                            <\/header>\n\n                    <article class=\"content-wrap\" data-aos=\"fade-up\" data-aos-delay=\"150\">\n                        <p>En este men\u00fa, nuestra cocina ofrece numerosos platos caracterizados por los m\u00faltiples colores de las especias y verduras locales.<\/p>\n                    <\/article>\n                    \n                                            <div class=\"buttons\" data-aos=\"fade-up\" data-aos-delay=\"150\">\n                                                                                                <a class=\"button primary\" href=\"https:\/\/monriad.net\/wp-content\/uploads\/2023\/10\/VEGGY-MENU.pdf\" >\n                                        Ver Men\u00fa                                    <\/a>\n                                                                                    <\/div>\n                                    <\/div>\n            <\/div>\n        <\/div>\n    <\/section>\n    ","protected":false},"excerpt":{"rendered":"","protected":false},"author":1,"featured_media":0,"parent":0,"menu_order":3,"comment_status":"closed","ping_status":"closed","template":"","meta":{"_acf_changed":false,"footnotes":""},"class_list":["post-3568","page","type-page","status-publish","hentry"],"acf":[],"yoast_head":"<!-- This site is optimized with the Yoast SEO plugin v27.2 - https:\/\/yoast.com\/product\/yoast-seo-wordpress\/ -->\n<title>Restaurante - MonRiad<\/title>\n<meta name=\"description\" content=\"Elija entre nuestros diversos y deliciosos men\u00fas, incluidos los mejores platos locales marroqu\u00edes, italianos y vegetarianos.\" \/>\n<meta name=\"robots\" content=\"index, follow, max-snippet:-1, max-image-preview:large, max-video-preview:-1\" \/>\n<link rel=\"canonical\" href=\"https:\/\/monriad.net\/es\/restaurante\/\" \/>\n<meta property=\"og:locale\" content=\"es_ES\" \/>\n<meta property=\"og:type\" content=\"article\" \/>\n<meta property=\"og:title\" content=\"Restaurante - MonRiad\" \/>\n<meta property=\"og:description\" content=\"Elija entre nuestros diversos y deliciosos men\u00fas, incluidos los mejores platos locales marroqu\u00edes, italianos y vegetarianos.\" \/>\n<meta property=\"og:url\" content=\"https:\/\/monriad.net\/es\/restaurante\/\" \/>\n<meta property=\"og:site_name\" content=\"MonRiad\" \/>\n<meta property=\"article:modified_time\" content=\"2026-01-06T15:51:21+00:00\" \/>\n<meta property=\"og:image\" content=\"https:\/\/monriad.net\/wp-content\/uploads\/2023\/10\/image0-5-1.jpeg\" \/>\n\t<meta property=\"og:image:width\" content=\"2200\" \/>\n\t<meta property=\"og:image:height\" content=\"1650\" \/>\n\t<meta property=\"og:image:type\" content=\"image\/jpeg\" \/>\n<meta name=\"twitter:card\" content=\"summary_large_image\" \/>\n<script type=\"application\/ld+json\" class=\"yoast-schema-graph\">{\"@context\":\"https:\/\/schema.org\",\"@graph\":[{\"@type\":\"WebPage\",\"@id\":\"https:\/\/monriad.net\/es\/restaurante\/\",\"url\":\"https:\/\/monriad.net\/es\/restaurante\/\",\"name\":\"Restaurante - MonRiad\",\"isPartOf\":{\"@id\":\"https:\/\/monriad.net\/#website\"},\"datePublished\":\"2023-06-26T14:59:44+00:00\",\"dateModified\":\"2026-01-06T15:51:21+00:00\",\"description\":\"Elija entre nuestros diversos y deliciosos men\u00fas, incluidos los mejores platos locales marroqu\u00edes, italianos y vegetarianos.\",\"breadcrumb\":{\"@id\":\"https:\/\/monriad.net\/es\/restaurante\/#breadcrumb\"},\"inLanguage\":\"es\",\"potentialAction\":[{\"@type\":\"ReadAction\",\"target\":[\"https:\/\/monriad.net\/es\/restaurante\/\"]}]},{\"@type\":\"BreadcrumbList\",\"@id\":\"https:\/\/monriad.net\/es\/restaurante\/#breadcrumb\",\"itemListElement\":[{\"@type\":\"ListItem\",\"position\":1,\"name\":\"Home\",\"item\":\"https:\/\/monriad.net\/es\/\"},{\"@type\":\"ListItem\",\"position\":2,\"name\":\"Restaurante\"}]},{\"@type\":\"WebSite\",\"@id\":\"https:\/\/monriad.net\/#website\",\"url\":\"https:\/\/monriad.net\/\",\"name\":\"MonRiad\",\"description\":\"MonRiad\",\"potentialAction\":[{\"@type\":\"SearchAction\",\"target\":{\"@type\":\"EntryPoint\",\"urlTemplate\":\"https:\/\/monriad.net\/?s={search_term_string}\"},\"query-input\":{\"@type\":\"PropertyValueSpecification\",\"valueRequired\":true,\"valueName\":\"search_term_string\"}}],\"inLanguage\":\"es\"}]}<\/script>\n<!-- \/ Yoast SEO plugin. -->","yoast_head_json":{"title":"Restaurante - MonRiad","description":"Elija entre nuestros diversos y deliciosos men\u00fas, incluidos los mejores platos locales marroqu\u00edes, italianos y vegetarianos.","robots":{"index":"index","follow":"follow","max-snippet":"max-snippet:-1","max-image-preview":"max-image-preview:large","max-video-preview":"max-video-preview:-1"},"canonical":"https:\/\/monriad.net\/es\/restaurante\/","og_locale":"es_ES","og_type":"article","og_title":"Restaurante - MonRiad","og_description":"Elija entre nuestros diversos y deliciosos men\u00fas, incluidos los mejores platos locales marroqu\u00edes, italianos y vegetarianos.","og_url":"https:\/\/monriad.net\/es\/restaurante\/","og_site_name":"MonRiad","article_modified_time":"2026-01-06T15:51:21+00:00","og_image":[{"width":2200,"height":1650,"url":"https:\/\/monriad.net\/wp-content\/uploads\/2023\/10\/image0-5-1.jpeg","type":"image\/jpeg"}],"twitter_card":"summary_large_image","schema":{"@context":"https:\/\/schema.org","@graph":[{"@type":"WebPage","@id":"https:\/\/monriad.net\/es\/restaurante\/","url":"https:\/\/monriad.net\/es\/restaurante\/","name":"Restaurante - MonRiad","isPartOf":{"@id":"https:\/\/monriad.net\/#website"},"datePublished":"2023-06-26T14:59:44+00:00","dateModified":"2026-01-06T15:51:21+00:00","description":"Elija entre nuestros diversos y deliciosos men\u00fas, incluidos los mejores platos locales marroqu\u00edes, italianos y vegetarianos.","breadcrumb":{"@id":"https:\/\/monriad.net\/es\/restaurante\/#breadcrumb"},"inLanguage":"es","potentialAction":[{"@type":"ReadAction","target":["https:\/\/monriad.net\/es\/restaurante\/"]}]},{"@type":"BreadcrumbList","@id":"https:\/\/monriad.net\/es\/restaurante\/#breadcrumb","itemListElement":[{"@type":"ListItem","position":1,"name":"Home","item":"https:\/\/monriad.net\/es\/"},{"@type":"ListItem","position":2,"name":"Restaurante"}]},{"@type":"WebSite","@id":"https:\/\/monriad.net\/#website","url":"https:\/\/monriad.net\/","name":"MonRiad","description":"MonRiad","potentialAction":[{"@type":"SearchAction","target":{"@type":"EntryPoint","urlTemplate":"https:\/\/monriad.net\/?s={search_term_string}"},"query-input":{"@type":"PropertyValueSpecification","valueRequired":true,"valueName":"search_term_string"}}],"inLanguage":"es"}]}},"_links":{"self":[{"href":"https:\/\/monriad.net\/es\/wp-json\/wp\/v2\/pages\/3568","targetHints":{"allow":["GET"]}}],"collection":[{"href":"https:\/\/monriad.net\/es\/wp-json\/wp\/v2\/pages"}],"about":[{"href":"https:\/\/monriad.net\/es\/wp-json\/wp\/v2\/types\/page"}],"author":[{"embeddable":true,"href":"https:\/\/monriad.net\/es\/wp-json\/wp\/v2\/users\/1"}],"replies":[{"embeddable":true,"href":"https:\/\/monriad.net\/es\/wp-json\/wp\/v2\/comments?post=3568"}],"version-history":[{"count":1,"href":"https:\/\/monriad.net\/es\/wp-json\/wp\/v2\/pages\/3568\/revisions"}],"predecessor-version":[{"id":6999,"href":"https:\/\/monriad.net\/es\/wp-json\/wp\/v2\/pages\/3568\/revisions\/6999"}],"wp:attachment":[{"href":"https:\/\/monriad.net\/es\/wp-json\/wp\/v2\/media?parent=3568"}],"curies":[{"name":"wp","href":"https:\/\/api.w.org\/{rel}","templated":true}]}}